{"id":493,"date":"2020-12-17T11:09:31","date_gmt":"2020-12-17T11:09:31","guid":{"rendered":"https:\/\/deepbass.studio\/?page_id=493"},"modified":"2022-07-20T12:13:12","modified_gmt":"2022-07-20T12:13:12","slug":"testimonials-reviews","status":"publish","type":"page","link":"https:\/\/deepbass.studio\/index.php\/testimonials-reviews\/","title":{"rendered":"Testimonials &#038; Reviews"},"content":{"rendered":"\n<figure class=\"wp-block-image size-large is-resized\"><img loading=\"lazy\" src=\"https:\/\/deepbass.studio\/wp-content\/uploads\/2022\/04\/Ricci_2022-1024x1024.jpg\" alt=\"\" class=\"wp-image-674\" width=\"156\" height=\"156\" srcset=\"https:\/\/deepbass.studio\/wp-content\/uploads\/2022\/04\/Ricci_2022-1024x1024.jpg 1024w, https:\/\/deepbass.studio\/wp-content\/uploads\/2022\/04\/Ricci_2022-300x300.jpg 300w, https:\/\/deepbass.studio\/wp-content\/uploads\/2022\/04\/Ricci_2022-150x150.jpg 150w, https:\/\/deepbass.studio\/wp-content\/uploads\/2022\/04\/Ricci_2022-768x768.jpg 768w, https:\/\/deepbass.studio\/wp-content\/uploads\/2022\/04\/Ricci_2022.jpg 1500w\" sizes=\"(max-width: 156px) 100vw, 156px\" \/><\/figure>\n\n\n\n<p>Ricci Ferdinand : Deepbass \u00e9 uma editora com enormes talentos desde de produtores a engenheiros de som&nbsp; ,orgulho-me de fazer parte deste leque de artistas que assinam por este grande selo . Mastoriza\u00e7ao e composi\u00e7\u00e3o s\u00e3o de excel\u00eancia e de grande compet\u00eancia ,revolucion\u00e1rios e vision\u00e1rios isso \u00e9 um dos pontos que para mim s\u00e3o fortes nesta grande editora ,saudo toda a equipa e que continuem por muitos anos . Um forte agradecimento ao Jorge Pruess<\/p>\n\n\n\n<p>Shop Link : <a href=\"https:\/\/www.beatport.com\/release\/limit-your-love-single\/3736253\">Beatport<\/a><\/p>\n\n\n\n<p>Listen on Spotify : <a href=\"https:\/\/open.spotify.com\/album\/6i04QSw3NzkxWOE2ETYHGe?si=h6DZTrweTx-rH0HmkRrYpA\">Spotify<\/a><\/p>\n\n\n\n<p>______________________________________________________________________________________________________________<\/p>\n\n\n\n<p><\/p>\n\n\n\n<p><img loading=\"lazy\" width=\"600\" height=\"600\" class=\"wp-image-496\" style=\"width: 150px;\" src=\"https:\/\/deepbass.studio\/wp-content\/uploads\/2020\/12\/DGN-Feat-Sylaia-e-motion.png\" alt=\"\" srcset=\"https:\/\/deepbass.studio\/wp-content\/uploads\/2020\/12\/DGN-Feat-Sylaia-e-motion.png 600w, https:\/\/deepbass.studio\/wp-content\/uploads\/2020\/12\/DGN-Feat-Sylaia-e-motion-300x300.png 300w, https:\/\/deepbass.studio\/wp-content\/uploads\/2020\/12\/DGN-Feat-Sylaia-e-motion-150x150.png 150w\" sizes=\"(max-width: 600px) 100vw, 600px\" \/><\/p>\n\n\n\n<p><strong>e-motion <\/strong>Album<strong> <\/strong>: <em>Being into the electronic scene, Deep Bass was the best option, due to its background releasing this kind of music. Also, Jorge\u2019s expertise as a DJ, along with his professional experience, was the perfect choice to master our work. <strong>DGN &amp; SYLAIA<\/strong>.<\/em><\/p>\n\n\n\n<p>Shop Link : <a href=\"https:\/\/www.beatport.com\/release\/e-motion\/2777755\">https:\/\/www.beatport.com\/release\/e-motion\/2777755<\/a><\/p>\n\n\n\n<p>Listen on Spotify : <a href=\"https:\/\/open.spotify.com\/album\/4qGhrr7B0D3KZpGlbGu0Lt?si=LT1ro7QLShWbzAn2kRmlcw\">https:\/\/open.spotify.com\/album\/4qGhrr7B0D3KZpGlbGu0Lt?si=LT1ro7QLShWbzAn2kRmlcw<\/a><\/p>\n\n\n\n<p>______________________________________________________________________________________________________________<\/p>\n\n\n\n<p class=\"has-text-align-left\"><img loading=\"lazy\" width=\"1875\" height=\"1875\" class=\"wp-image-499\" style=\"width: 150px;\" src=\"https:\/\/deepbass.studio\/wp-content\/uploads\/2020\/12\/97041949_1902633319867919_7619430952728526848_o.jpg\" alt=\"\" srcset=\"https:\/\/deepbass.studio\/wp-content\/uploads\/2020\/12\/97041949_1902633319867919_7619430952728526848_o.jpg 1875w, https:\/\/deepbass.studio\/wp-content\/uploads\/2020\/12\/97041949_1902633319867919_7619430952728526848_o-300x300.jpg 300w, https:\/\/deepbass.studio\/wp-content\/uploads\/2020\/12\/97041949_1902633319867919_7619430952728526848_o-1024x1024.jpg 1024w, https:\/\/deepbass.studio\/wp-content\/uploads\/2020\/12\/97041949_1902633319867919_7619430952728526848_o-150x150.jpg 150w, https:\/\/deepbass.studio\/wp-content\/uploads\/2020\/12\/97041949_1902633319867919_7619430952728526848_o-768x768.jpg 768w, https:\/\/deepbass.studio\/wp-content\/uploads\/2020\/12\/97041949_1902633319867919_7619430952728526848_o-1536x1536.jpg 1536w\" sizes=\"(max-width: 1875px) 100vw, 1875px\" \/><\/p>\n\n\n\n<p>Este es mi tercer disco en DEEP BASS RECORDS , compa\u00f1\u00eda en la que trabajo desde hace a\u00f1os tanto en grabaciones de mis discos como en colaboraci\u00f3nes para otr@s artistas.&nbsp;Es un CD de recopilaci\u00f3n pero con algunos &nbsp;temas nuevos , en los cuales he podido contar con los productores y DJ&#8217;S ( DJ Chus, David Penn, &nbsp;Fahim Faheem y Kamari &amp; Manvir ) &nbsp;entre otros&#8230; Geniales sus trabajos en este nuevo CD.&nbsp;Tambi\u00e9n han colaborado m\u00fasicos de un alto nivel profesional, aportando su granito de arena en esta nueva grabaci\u00f3n.Cabe destacar la gran m\u00fasicalidad , sonido , armonia , &nbsp;compa\u00f1erismo y profesionalidad que se respira en el la Familia DEEPBASS.<\/p>\n\n\n\n<p>Menci\u00f3n especial en este CD para el m\u00fasico y productor de este disco Jorge Pruess &nbsp;por su paciencia conmigo tanto como con el resto de los m\u00fasicos colaboradores..y como no, por su gran talento a la hora de producir .&nbsp;Un disco muy variado con diferentes estilos dentro del sonido HOUSE MUSIC<\/p>\n\n\n\n<p>MUY RECOMENDABLE!!! Gracias DEEP BASS RECORDS.&nbsp;<\/p>\n\n\n\n<p><strong>Pakito Baeza<\/strong><\/p>\n\n\n\n<p>______________________________________________________________________________________________________________<\/p>\n\n\n\n<p><strong>Pakito Baeza <\/strong>Album : <em>Creating the Album \u201c \u201d with Jorge Pruess, Pakito Baeza &amp; Friends at Deep Bass Studio was a true Pleasure from the start.. a Top quality service, Worlds Finest Equipment and Engineer\/Technician with a Real Magic ear for Music and a Profound wealth of Knowledge. I highly recommend Deep Bass Studios as an accessible all Round Production, Mixing and Mastering Service with a Real Class A Feel. ThankYou &#8211; <strong>Kamari (Kamari &amp; Manvir)<\/strong><\/em><\/p>\n\n\n\n<p>______________________________________________________________________________________________________________<\/p>\n\n\n\n<p>I enjoyed a Productive few Sessions with Jorge Pruess at Deep Bass Studios laying down Vocals and Brass lines in Pakitos latest album. Jorge is a Real Pro with both the Equipment and the Artist, he offers a welcoming and relaxed Vibe as well as Super nice Tea &#8211; <strong>Manvir (Kamari &amp; Manvir)<\/strong><\/p>\n\n\n\n<p>______________________________________________________________________________________________________________<\/p>\n\n\n\n<p>J\u2019ai le plaisir et la chance de travailler sur plusieurs projets avec Jorge Pruess chez Deep Bass Studio depuis 2018! Le professionnalisme et les Good Vibes sont toujours au rendez-vous, c\u2019est toujours un plaisir de travailler avec une personne qui ma\u00eetrise son domaine (Mix, Mastering, Production, etc) et cela dans plusieurs styles musicaux ! Jorge est toujours \u00e0 l\u2019\u00e9coute et d\u00e9livre toute son expertise pour aider les artistes \u00e0 d\u00e9velopper et finaliser leurs projets. Encore Merci Deep Bass Studio !<br><strong>Faheem<\/strong> (Dj\/Remixer\/Productor)<\/p>\n\n\n\n<p><\/p>\n\n\n\n<p>Shop Link : <a href=\"https:\/\/www.beatport.com\/release\/pakito-baeza\/2969405\">https:\/\/www.beatport.com\/release\/pakito-baeza\/2969405<\/a><\/p>\n\n\n\n<p>Listen on Spotify : <a href=\"https:\/\/open.spotify.com\/album\/4gimQiMQHfjDayRoYKUxIw?si=YWpEYT03Tp63ChoxS6nTfA\">https:\/\/open.spotify.com\/album\/4gimQiMQHfjDayRoYKUxIw?si=YWpEYT03Tp63ChoxS6nTfA<\/a><\/p>\n\n\n\n<p>______________________________________________________________________________________________________________<\/p>\n\n\n\n<figure class=\"wp-block-image size-full is-resized\"><img loading=\"lazy\" src=\"https:\/\/deepbass.studio\/wp-content\/uploads\/2022\/07\/viana.jpg\" alt=\"\" class=\"wp-image-801\" width=\"160\" height=\"160\" srcset=\"https:\/\/deepbass.studio\/wp-content\/uploads\/2022\/07\/viana.jpg 1000w, https:\/\/deepbass.studio\/wp-content\/uploads\/2022\/07\/viana-300x300.jpg 300w, https:\/\/deepbass.studio\/wp-content\/uploads\/2022\/07\/viana-150x150.jpg 150w, https:\/\/deepbass.studio\/wp-content\/uploads\/2022\/07\/viana-768x768.jpg 768w\" sizes=\"(max-width: 160px) 100vw, 160px\" \/><\/figure>\n\n\n\n<p><\/p>\n\n\n\n<p><\/p>\n\n\n\n<p><\/p>\n\n\n\n<p><\/p>\n\n\n\n<p><\/p>\n\n\n\n<p><\/p>\n\n\n\n<p><\/p>\n\n\n\n<p><strong>Deep Balearic Defence <\/strong>Album : <em>Conozco los estudios de deep bass  ya hace bastantes a\u00f1os y sus proyectos con el mas puro sonido anal\u00f3gico, con una gran gama de equipos para crear la magia del sonido. Una vez dentro te envuelven los sonidos y la calidad con la que puedes terminar tus trabajos, ademas del trato tan agradable y cordial durante las sesiones de mezcla y mastering.. un placer poder compartir con Deepbassrecords este Album mezclado en sus estudios. <\/em><\/p>\n\n\n\n<p><em>Con ganas de continuar en los nuevos proyectos..<\/em> &#8211; <strong>Viana<\/strong> ( Ibiza Resident DJ )<\/p>\n\n\n\n<p><\/p>\n\n\n\n<p><\/p>\n\n\n\n<p>Shop Link : <a href=\"https:\/\/www.beatport.com\/release\/deep-balearic-defence\/2634664\">https:\/\/www.beatport.com\/release\/deep-balearic-defence\/2634664<\/a><\/p>\n\n\n\n<p>Listen on Spotify : <a href=\"https:\/\/open.spotify.com\/album\/4SLtH8eEnJjy8EHgMBM3cr?si=ELHnqNRnTZ-gDpdw6WUeFA\">https:\/\/open.spotify.com\/album\/4SLtH8eEnJjy8EHgMBM3cr?si=ELHnqNRnTZ-gDpdw6WUeFA<\/a><\/p>\n\n\n\n<p><\/p>\n\n\n\n<p><\/p>\n","protected":false},"excerpt":{"rendered":"<p>Ricci Ferdinand : Deepbass \u00e9 uma editora com enormes talentos desde de produtores a engenheiros de som&nbsp; ,orgulho-me de fazer parte deste leque de artistas que assinam por este grande selo . Mastoriza\u00e7ao e composi\u00e7\u00e3o s\u00e3o de excel\u00eancia e de grande compet\u00eancia ,revolucion\u00e1rios e vision\u00e1rios isso \u00e9 um dos pontos <a class=\"read-more\" href=\"https:\/\/deepbass.studio\/index.php\/testimonials-reviews\/\">Read More<\/a><\/p>\n","protected":false},"author":1,"featured_media":0,"parent":0,"menu_order":0,"comment_status":"closed","ping_status":"closed","template":"","meta":[],"_links":{"self":[{"href":"https:\/\/deepbass.studio\/index.php\/wp-json\/wp\/v2\/pages\/493"}],"collection":[{"href":"https:\/\/deepbass.studio\/index.php\/wp-json\/wp\/v2\/pages"}],"about":[{"href":"https:\/\/deepbass.studio\/index.php\/wp-json\/wp\/v2\/types\/page"}],"author":[{"embeddable":true,"href":"https:\/\/deepbass.studio\/index.php\/wp-json\/wp\/v2\/users\/1"}],"replies":[{"embeddable":true,"href":"https:\/\/deepbass.studio\/index.php\/wp-json\/wp\/v2\/comments?post=493"}],"version-history":[{"count":64,"href":"https:\/\/deepbass.studio\/index.php\/wp-json\/wp\/v2\/pages\/493\/revisions"}],"predecessor-version":[{"id":802,"href":"https:\/\/deepbass.studio\/index.php\/wp-json\/wp\/v2\/pages\/493\/revisions\/802"}],"wp:attachment":[{"href":"https:\/\/deepbass.studio\/index.php\/wp-json\/wp\/v2\/media?parent=493"}],"curies":[{"name":"wp","href":"https:\/\/api.w.org\/{rel}","templated":true}]}}